{"id":252,"date":"2022-02-18T04:33:21","date_gmt":"2022-02-18T04:33:21","guid":{"rendered":"https:\/\/www.genemek.com\/?post_type=product&#038;p=252"},"modified":"2022-02-23T08:43:40","modified_gmt":"2022-02-23T08:43:40","slug":"av2012","status":"publish","type":"product","link":"https:\/\/webedit.genemek.com\/tr\/urun\/av2012\/","title":{"rendered":"2012"},"content":{"rendered":"<h2>Boyutlar<\/h2>\n<p><img fetchpriority=\"high\" decoding=\"async\" src=\"https:\/\/webedit.genemek.com\/wp-content\/uploads\/933.CSP_-1024x1024.png\" sizes=\"(max-width: 1024px) 100vw, 1024px\" srcset=\"https:\/\/webedit.genemek.com\/wp-content\/uploads\/933.CSP_-1024x1024.png 1024w, https:\/\/webedit.genemek.com\/wp-content\/uploads\/933.CSP_-150x150.png 150w, https:\/\/webedit.genemek.com\/wp-content\/uploads\/933.CSP_-300x300.png 300w, https:\/\/webedit.genemek.com\/wp-content\/uploads\/933.CSP_-768x768.png 768w, https:\/\/webedit.genemek.com\/wp-content\/uploads\/933.CSP_-500x500.png 500w, https:\/\/webedit.genemek.com\/wp-content\/uploads\/933.CSP_-600x600.png 600w, https:\/\/webedit.genemek.com\/wp-content\/uploads\/933.CSP_-100x100.png 100w\" alt=\"\" width=\"1024\" height=\"1024\" \/><\/p>\n<h2>Ordering Code<\/h2>\n<p>PW933.csp<\/p>\n<style>.elementor-3245 .elementor-element.elementor-element-0d2eedb .elementor-repeater-item-a382925.jet-table__head-cell{width:100%;}.elementor-3245 .elementor-element.elementor-element-0d2eedb .jet-table-wrapper{max-width:100%;margin-left:auto;margin-right:auto;}.elementor-3245 .elementor-element.elementor-element-0d2eedb .jet-table{table-layout:auto;}.elementor-3245 .elementor-element.elementor-element-0d2eedb .jet-table__head-cell{font-size:1.2em;color:#323232;background-color:#ffffff;border-style:solid;border-width:1px 1px 02px 1px;border-color:#0c0c0c;vertical-align:middle;}.elementor-3245 .elementor-element.elementor-element-0d2eedb .jet-table__head-cell .jet-table__cell-content{margin-left:auto;margin-right:auto;text-align:center;}.elementor-3245 .elementor-element.elementor-element-0d2eedb .jet-table__body-cell{font-size:1em;color:#646464;background-color:#f5f5f5;border-style:solid;border-color:#aaaaaa;vertical-align:middle;}.elementor-3245 .elementor-element.elementor-element-0d2eedb tr:nth-child(even) .jet-table__body-cell{color:#646464;background-color:#ffffff;}.elementor-3245 .elementor-element.elementor-element-0d2eedb .jet-table__body-cell .jet-table__cell-content{margin-left:auto;margin-right:auto;text-align:center;}.elementor-3245 .elementor-element.elementor-element-0d2eedb > .tippy-popper .tippy-tooltip .tippy-content{text-align:center;}<\/style>\n<section data-id=\"85a240e\" data-element_type=\"section\">ACARKEL ARCODE<\/p>\n<table>\n<thead>\n<tr>\n<th colspan=\"50\" scope=\"col\">CONTROL PANEL COMPATIBILITY<\/th>\n<\/tr>\n<\/thead>\n<tbody>\n<tr>\n<td>AY<\/td>\n<td>AYBEY ALC\/ACT<\/td>\n<\/tr>\n<tr>\n<td>CP<\/td>\n<td>CANOPEN DSP417<\/td>\n<\/tr>\n<tr>\n<td>GV<\/td>\n<td>GENCAN<\/td>\n<\/tr>\n<tr>\n<td>HY<\/td>\n<td>HYUNDAI STVF<\/td>\n<\/tr>\n<tr>\n<td>LS<\/td>\n<td>LISA SCHNEIDER<\/td>\n<\/tr>\n<tr>\n<td>MT<\/td>\n<td>ARKEL MOT<\/td>\n<\/tr>\n<tr>\n<td>MV<\/td>\n<td>MIKEL MIVOX<\/td>\n<\/tr>\n<tr>\n<td>NF<\/td>\n<td>NIDEC F3<\/td>\n<\/tr>\n<tr>\n<td>PW<\/td>\n<td>PARALLEL PREWIRED<\/td>\n<\/tr>\n<tr>\n<td>RL<\/td>\n<td>REDLINE (Non-prewired)<\/td>\n<\/tr>\n<tr>\n<td>SV<\/td>\n<td>STEP F5021 AS380<\/td>\n<\/tr>\n<\/tbody>\n<\/table>\n<\/section>\n<style>.elementor-3202 .elementor-element.elementor-element-0d2eedb .elementor-repeater-item-a382925.jet-table__head-cell{width:100%;}.elementor-3202 .elementor-element.elementor-element-0d2eedb .jet-table-wrapper{max-width:100%;margin-left:auto;margin-right:auto;}.elementor-3202 .elementor-element.elementor-element-0d2eedb .jet-table{table-layout:auto;}.elementor-3202 .elementor-element.elementor-element-0d2eedb .jet-table__head-cell{font-size:1.2em;color:#323232;background-color:#ffffff;border-style:solid;border-width:1px 1px 02px 1px;border-color:#0c0c0c;vertical-align:middle;}.elementor-3202 .elementor-element.elementor-element-0d2eedb .jet-table__head-cell .jet-table__cell-content{margin-left:auto;margin-right:auto;text-align:center;}.elementor-3202 .elementor-element.elementor-element-0d2eedb .jet-table__body-cell{font-size:1em;color:#646464;background-color:#f5f5f5;border-style:solid;border-color:#aaaaaa;vertical-align:middle;}.elementor-3202 .elementor-element.elementor-element-0d2eedb tr:nth-child(even) .jet-table__body-cell{color:#646464;background-color:#ffffff;}.elementor-3202 .elementor-element.elementor-element-0d2eedb .jet-table__body-cell .jet-table__cell-content{margin-left:auto;margin-right:auto;text-align:center;}.elementor-3202 .elementor-element.elementor-element-0d2eedb > .tippy-popper .tippy-tooltip .tippy-content{text-align:center;}<\/style>\n<section data-id=\"85a240e\" data-element_type=\"section\">7Half height<\/p>\n<table>\n<thead>\n<tr>\n<th colspan=\"50\" scope=\"col\">PANEL SIZE<\/th>\n<\/tr>\n<\/thead>\n<tbody>\n<tr>\n<td>9<\/td>\n<td>Full height<\/td>\n<\/tr>\n<\/tbody>\n<\/table>\n<\/section>\n<style>.elementor-3250 .elementor-element.elementor-element-0d2eedb .elementor-repeater-item-a382925.jet-table__head-cell{width:100%;}.elementor-3250 .elementor-element.elementor-element-0d2eedb .jet-table-wrapper{max-width:100%;margin-left:auto;margin-right:auto;}.elementor-3250 .elementor-element.elementor-element-0d2eedb .jet-table{table-layout:auto;}.elementor-3250 .elementor-element.elementor-element-0d2eedb .jet-table__head-cell{font-size:1.2em;color:#323232;background-color:#ffffff;border-style:solid;border-width:1px 1px 02px 1px;border-color:#0c0c0c;vertical-align:middle;}.elementor-3250 .elementor-element.elementor-element-0d2eedb .jet-table__head-cell .jet-table__cell-content{margin-left:auto;margin-right:auto;text-align:center;}.elementor-3250 .elementor-element.elementor-element-0d2eedb .jet-table__body-cell{font-size:1em;color:#646464;background-color:#f5f5f5;border-style:solid;border-color:#aaaaaa;vertical-align:middle;}.elementor-3250 .elementor-element.elementor-element-0d2eedb tr:nth-child(even) .jet-table__body-cell{color:#646464;background-color:#ffffff;}.elementor-3250 .elementor-element.elementor-element-0d2eedb .jet-table__body-cell .jet-table__cell-content{margin-left:auto;margin-right:auto;text-align:center;}.elementor-3250 .elementor-element.elementor-element-0d2eedb > .tippy-popper .tippy-tooltip .tippy-content{text-align:center;}<\/style>\n<section data-id=\"85a240e\" data-element_type=\"section\">312 TO 5 STOPS<\/p>\n<table>\n<thead>\n<tr>\n<th colspan=\"50\" scope=\"col\">KEYBOARD TYPE<\/th>\n<\/tr>\n<\/thead>\n<tbody>\n<tr>\n<td>32<\/td>\n<td>6 TO 10 STOPS<\/td>\n<\/tr>\n<tr>\n<td>33<\/td>\n<td>11 TO 15 STOPS<\/td>\n<\/tr>\n<tr>\n<td>3F<\/td>\n<td>DIALPAD (-9 To 99)<\/td>\n<\/tr>\n<tr>\n<td>52<\/td>\n<td>6 TO 10 STOPS (with floor names)<\/td>\n<\/tr>\n<tr>\n<td>54<\/td>\n<td>16 TO 24 STOPS<\/td>\n<\/tr>\n<tr>\n<td>55<\/td>\n<td>25 TO 30 STOPS<\/td>\n<\/tr>\n<\/tbody>\n<\/table>\n<\/section>\n<style>.elementor-3219 .elementor-element.elementor-element-0d2eedb .elementor-repeater-item-a382925.jet-table__head-cell{width:100%;}.elementor-3219 .elementor-element.elementor-element-0d2eedb .jet-table-wrapper{max-width:100%;margin-left:auto;margin-right:auto;}.elementor-3219 .elementor-element.elementor-element-0d2eedb .jet-table{table-layout:auto;}.elementor-3219 .elementor-element.elementor-element-0d2eedb .jet-table__head-cell{font-size:1.2em;color:#323232;background-color:#ffffff;border-style:solid;border-width:1px 1px 02px 1px;border-color:#0c0c0c;vertical-align:middle;}.elementor-3219 .elementor-element.elementor-element-0d2eedb .jet-table__head-cell .jet-table__cell-content{margin-left:auto;margin-right:auto;text-align:center;}.elementor-3219 .elementor-element.elementor-element-0d2eedb .jet-table__body-cell{font-size:1em;color:#646464;background-color:#f5f5f5;border-style:solid;border-color:#aaaaaa;vertical-align:middle;}.elementor-3219 .elementor-element.elementor-element-0d2eedb tr:nth-child(even) .jet-table__body-cell{color:#646464;background-color:#ffffff;}.elementor-3219 .elementor-element.elementor-element-0d2eedb .jet-table__body-cell .jet-table__cell-content{margin-left:auto;margin-right:auto;text-align:center;}.elementor-3219 .elementor-element.elementor-element-0d2eedb > .tippy-popper .tippy-tooltip .tippy-content{text-align:center;}<\/style>\n<section data-id=\"85a240e\" data-element_type=\"section\">CDDLED 16\u00d710 DOTMARIX<\/p>\n<table>\n<thead>\n<tr>\n<th colspan=\"50\" scope=\"col\">INDICATOR TYPE<\/th>\n<\/tr>\n<\/thead>\n<tbody>\n<tr>\n<td>CT4D<\/td>\n<td>TFT COLOR 4,3\u201d DUAL<\/td>\n<\/tr>\n<tr>\n<td>DSC<\/td>\n<td>LED 7-SEGMENT, non-prewired<\/td>\n<\/tr>\n<tr>\n<td>CSP<\/td>\n<td>LED 7-SEGMENT, prewired<\/td>\n<\/tr>\n<tr>\n<td>MEGA7V.DS<\/td>\n<td>MEGA-7, LED 7-SEGMENT<\/td>\n<\/tr>\n<tr>\n<td>MEGA7V.DM<\/td>\n<td>MEGA-7, LED 24\u00d716 DOTMARIX<\/td>\n<\/tr>\n<tr>\n<td>MEGA7V.TFT<\/td>\n<td>MEGA-7, 7,0\u201d COLOR TFT<\/td>\n<\/tr>\n<\/tbody>\n<\/table>\n<\/section>\n<h2>Connection block diagram<\/h2>\n<p><img decoding=\"async\" src=\"https:\/\/webedit.genemek.com\/wp-content\/uploads\/COP_Parallel_prewiring.png\" sizes=\"(max-width: 1024px) 100vw, 1024px\" srcset=\"https:\/\/webedit.genemek.com\/wp-content\/uploads\/COP_Parallel_prewiring.png 1024w, https:\/\/webedit.genemek.com\/wp-content\/uploads\/COP_Parallel_prewiring-150x150.png 150w, https:\/\/webedit.genemek.com\/wp-content\/uploads\/COP_Parallel_prewiring-300x300.png 300w, https:\/\/webedit.genemek.com\/wp-content\/uploads\/COP_Parallel_prewiring-768x768.png 768w, https:\/\/webedit.genemek.com\/wp-content\/uploads\/COP_Parallel_prewiring-500x500.png 500w, https:\/\/webedit.genemek.com\/wp-content\/uploads\/COP_Parallel_prewiring-600x600.png 600w, https:\/\/webedit.genemek.com\/wp-content\/uploads\/COP_Parallel_prewiring-100x100.png 100w\" alt=\"\" width=\"1024\" height=\"1024\" \/><\/p>","protected":false},"excerpt":{"rendered":"<p>Dimensions Ordering Code PW933.csp ACARKEL ARCODE CONTROL PANEL COMPATIBILITY AY AYBEY ALC\/ACT CP CANOPEN DSP417 GV GENCAN HY HYUNDAI STVF LS LISA SCHNEIDER MT ARKEL MOT MV MIKEL MIVOX NF NIDEC F3 PW PARALLEL PREWIRED RL REDLINE (Non-prewired) SV STEP F5021 AS380 7Half height PANEL SIZE 9 Full height 312 TO 5 STOPS KEYBOARD TYPE [&hellip;]<\/p>\n","protected":false},"featured_media":366,"template":"","meta":{"_acf_changed":false},"product_brand":[],"product_cat":[53],"product_tag":[],"class_list":{"0":"post-252","1":"product","2":"type-product","3":"status-publish","4":"has-post-thumbnail","6":"product_cat-avox-canbus","8":"first","9":"instock","10":"shipping-taxable","11":"product-type-simple"},"acf":[],"yoast_head":"<!-- This site is optimized with the Yoast SEO plugin v27.4 - https:\/\/yoast.com\/product\/yoast-seo-wordpress\/ -->\n<title>2012 &#8211; GENEMEK<\/title>\n<meta name=\"description\" content=\"Description\" \/>\n<meta name=\"robots\" content=\"index, follow, max-snippet:-1, max-image-preview:large, max-video-preview:-1\" \/>\n<link rel=\"canonical\" href=\"https:\/\/webedit.genemek.com\/tr\/urun\/av2012\/\" \/>\n<meta property=\"og:locale\" content=\"tr_TR\" \/>\n<meta property=\"og:type\" content=\"article\" \/>\n<meta property=\"og:title\" content=\"2012 &#8211; GENEMEK\" \/>\n<meta property=\"og:description\" content=\"Description\" \/>\n<meta property=\"og:url\" content=\"https:\/\/webedit.genemek.com\/tr\/urun\/av2012\/\" \/>\n<meta property=\"og:site_name\" content=\"GENEMEK\" \/>\n<meta property=\"article:modified_time\" content=\"2022-02-23T08:43:40+00:00\" \/>\n<meta property=\"og:image\" content=\"https:\/\/webedit.genemek.com\/wp-content\/uploads\/2012_right_angle_view-e1584687820366.jpg\" \/>\n\t<meta property=\"og:image:width\" content=\"1024\" \/>\n\t<meta property=\"og:image:height\" content=\"1024\" \/>\n\t<meta property=\"og:image:type\" content=\"image\/jpeg\" \/>\n<meta name=\"twitter:card\" content=\"summary_large_image\" \/>\n<meta name=\"twitter:label1\" content=\"Tahmini okuma s\u00fcresi\" \/>\n\t<meta name=\"twitter:data1\" content=\"1 dakika\" \/>\n<script type=\"application\/ld+json\" class=\"yoast-schema-graph\">{\"@context\":\"https:\\\/\\\/schema.org\",\"@graph\":[{\"@type\":\"WebPage\",\"@id\":\"https:\\\/\\\/webedit.genemek.com\\\/product\\\/av2012\\\/\",\"url\":\"https:\\\/\\\/webedit.genemek.com\\\/product\\\/av2012\\\/\",\"name\":\"2012 &#8211; GENEMEK\",\"isPartOf\":{\"@id\":\"https:\\\/\\\/webedit.genemek.com\\\/#website\"},\"primaryImageOfPage\":{\"@id\":\"https:\\\/\\\/webedit.genemek.com\\\/product\\\/av2012\\\/#primaryimage\"},\"image\":{\"@id\":\"https:\\\/\\\/webedit.genemek.com\\\/product\\\/av2012\\\/#primaryimage\"},\"thumbnailUrl\":\"https:\\\/\\\/webedit.genemek.com\\\/wp-content\\\/uploads\\\/2012_right_angle_view-e1584687820366.jpg\",\"datePublished\":\"2022-02-18T04:33:21+00:00\",\"dateModified\":\"2022-02-23T08:43:40+00:00\",\"description\":\"Description\",\"breadcrumb\":{\"@id\":\"https:\\\/\\\/webedit.genemek.com\\\/product\\\/av2012\\\/#breadcrumb\"},\"inLanguage\":\"tr\",\"potentialAction\":[{\"@type\":\"ReadAction\",\"target\":[\"https:\\\/\\\/webedit.genemek.com\\\/product\\\/av2012\\\/\"]}]},{\"@type\":\"ImageObject\",\"inLanguage\":\"tr\",\"@id\":\"https:\\\/\\\/webedit.genemek.com\\\/product\\\/av2012\\\/#primaryimage\",\"url\":\"https:\\\/\\\/webedit.genemek.com\\\/wp-content\\\/uploads\\\/2012_right_angle_view-e1584687820366.jpg\",\"contentUrl\":\"https:\\\/\\\/webedit.genemek.com\\\/wp-content\\\/uploads\\\/2012_right_angle_view-e1584687820366.jpg\",\"width\":1024,\"height\":1024},{\"@type\":\"BreadcrumbList\",\"@id\":\"https:\\\/\\\/webedit.genemek.com\\\/product\\\/av2012\\\/#breadcrumb\",\"itemListElement\":[{\"@type\":\"ListItem\",\"position\":1,\"name\":\"Home\",\"item\":\"https:\\\/\\\/webedit.genemek.com\\\/\"},{\"@type\":\"ListItem\",\"position\":2,\"name\":\"Products\",\"item\":\"https:\\\/\\\/webedit.genemek.com\\\/products\\\/\"},{\"@type\":\"ListItem\",\"position\":3,\"name\":\"Landing Operator Panels\",\"item\":\"https:\\\/\\\/webedit.genemek.com\\\/product-category\\\/landing-operator-panels\\\/\"},{\"@type\":\"ListItem\",\"position\":4,\"name\":\"AVOX\",\"item\":\"https:\\\/\\\/webedit.genemek.com\\\/product-category\\\/landing-operator-panels\\\/avox-landing-operator-panels\\\/\"},{\"@type\":\"ListItem\",\"position\":5,\"name\":\"AVOX | Canbus\",\"item\":\"https:\\\/\\\/webedit.genemek.com\\\/product-category\\\/landing-operator-panels\\\/avox-landing-operator-panels\\\/avox-canbus\\\/\"},{\"@type\":\"ListItem\",\"position\":6,\"name\":\"2012\"}]},{\"@type\":\"WebSite\",\"@id\":\"https:\\\/\\\/webedit.genemek.com\\\/#website\",\"url\":\"https:\\\/\\\/webedit.genemek.com\\\/\",\"name\":\"GENEMEK\",\"description\":\"Landing &amp; Car Operator Panels for elevators\",\"publisher\":{\"@id\":\"https:\\\/\\\/webedit.genemek.com\\\/#organization\"},\"potentialAction\":[{\"@type\":\"SearchAction\",\"target\":{\"@type\":\"EntryPoint\",\"urlTemplate\":\"https:\\\/\\\/webedit.genemek.com\\\/?s={search_term_string}\"},\"query-input\":{\"@type\":\"PropertyValueSpecification\",\"valueRequired\":true,\"valueName\":\"search_term_string\"}}],\"inLanguage\":\"tr\"},{\"@type\":\"Organization\",\"@id\":\"https:\\\/\\\/webedit.genemek.com\\\/#organization\",\"name\":\"GENEMEK\",\"url\":\"https:\\\/\\\/webedit.genemek.com\\\/\",\"logo\":{\"@type\":\"ImageObject\",\"inLanguage\":\"tr\",\"@id\":\"https:\\\/\\\/webedit.genemek.com\\\/#\\\/schema\\\/logo\\\/image\\\/\",\"url\":\"https:\\\/\\\/webedit.genemek.com\\\/wp-content\\\/uploads\\\/GENEMEK_LOGO_header.svg\",\"contentUrl\":\"https:\\\/\\\/webedit.genemek.com\\\/wp-content\\\/uploads\\\/GENEMEK_LOGO_header.svg\",\"width\":1024,\"height\":512,\"caption\":\"GENEMEK\"},\"image\":{\"@id\":\"https:\\\/\\\/webedit.genemek.com\\\/#\\\/schema\\\/logo\\\/image\\\/\"}}]}<\/script>\n<!-- \/ Yoast SEO plugin. -->","yoast_head_json":{"title":"2012 &#8211; GENEMEK","description":"Description","robots":{"index":"index","follow":"follow","max-snippet":"max-snippet:-1","max-image-preview":"max-image-preview:large","max-video-preview":"max-video-preview:-1"},"canonical":"https:\/\/webedit.genemek.com\/tr\/urun\/av2012\/","og_locale":"tr_TR","og_type":"article","og_title":"2012 &#8211; GENEMEK","og_description":"Description","og_url":"https:\/\/webedit.genemek.com\/tr\/urun\/av2012\/","og_site_name":"GENEMEK","article_modified_time":"2022-02-23T08:43:40+00:00","og_image":[{"width":1024,"height":1024,"url":"https:\/\/webedit.genemek.com\/wp-content\/uploads\/2012_right_angle_view-e1584687820366.jpg","type":"image\/jpeg"}],"twitter_card":"summary_large_image","twitter_misc":{"Tahmini okuma s\u00fcresi":"1 dakika"},"schema":{"@context":"https:\/\/schema.org","@graph":[{"@type":"WebPage","@id":"https:\/\/webedit.genemek.com\/product\/av2012\/","url":"https:\/\/webedit.genemek.com\/product\/av2012\/","name":"2012 &#8211; GENEMEK","isPartOf":{"@id":"https:\/\/webedit.genemek.com\/#website"},"primaryImageOfPage":{"@id":"https:\/\/webedit.genemek.com\/product\/av2012\/#primaryimage"},"image":{"@id":"https:\/\/webedit.genemek.com\/product\/av2012\/#primaryimage"},"thumbnailUrl":"https:\/\/webedit.genemek.com\/wp-content\/uploads\/2012_right_angle_view-e1584687820366.jpg","datePublished":"2022-02-18T04:33:21+00:00","dateModified":"2022-02-23T08:43:40+00:00","description":"Description","breadcrumb":{"@id":"https:\/\/webedit.genemek.com\/product\/av2012\/#breadcrumb"},"inLanguage":"tr","potentialAction":[{"@type":"ReadAction","target":["https:\/\/webedit.genemek.com\/product\/av2012\/"]}]},{"@type":"ImageObject","inLanguage":"tr","@id":"https:\/\/webedit.genemek.com\/product\/av2012\/#primaryimage","url":"https:\/\/webedit.genemek.com\/wp-content\/uploads\/2012_right_angle_view-e1584687820366.jpg","contentUrl":"https:\/\/webedit.genemek.com\/wp-content\/uploads\/2012_right_angle_view-e1584687820366.jpg","width":1024,"height":1024},{"@type":"BreadcrumbList","@id":"https:\/\/webedit.genemek.com\/product\/av2012\/#breadcrumb","itemListElement":[{"@type":"ListItem","position":1,"name":"Home","item":"https:\/\/webedit.genemek.com\/"},{"@type":"ListItem","position":2,"name":"Products","item":"https:\/\/webedit.genemek.com\/products\/"},{"@type":"ListItem","position":3,"name":"Landing Operator Panels","item":"https:\/\/webedit.genemek.com\/product-category\/landing-operator-panels\/"},{"@type":"ListItem","position":4,"name":"AVOX","item":"https:\/\/webedit.genemek.com\/product-category\/landing-operator-panels\/avox-landing-operator-panels\/"},{"@type":"ListItem","position":5,"name":"AVOX | Canbus","item":"https:\/\/webedit.genemek.com\/product-category\/landing-operator-panels\/avox-landing-operator-panels\/avox-canbus\/"},{"@type":"ListItem","position":6,"name":"2012"}]},{"@type":"WebSite","@id":"https:\/\/webedit.genemek.com\/#website","url":"https:\/\/webedit.genemek.com\/","name":"GENEMEK","description":"Asans\u00f6rler i\u00e7in KAT &amp; KAB\u0130N kasetleri","publisher":{"@id":"https:\/\/webedit.genemek.com\/#organization"},"potentialAction":[{"@type":"SearchAction","target":{"@type":"EntryPoint","urlTemplate":"https:\/\/webedit.genemek.com\/?s={search_term_string}"},"query-input":{"@type":"PropertyValueSpecification","valueRequired":true,"valueName":"search_term_string"}}],"inLanguage":"tr"},{"@type":"Organization","@id":"https:\/\/webedit.genemek.com\/#organization","name":"GENEMEK","url":"https:\/\/webedit.genemek.com\/","logo":{"@type":"ImageObject","inLanguage":"tr","@id":"https:\/\/webedit.genemek.com\/#\/schema\/logo\/image\/","url":"https:\/\/webedit.genemek.com\/wp-content\/uploads\/GENEMEK_LOGO_header.svg","contentUrl":"https:\/\/webedit.genemek.com\/wp-content\/uploads\/GENEMEK_LOGO_header.svg","width":1024,"height":512,"caption":"GENEMEK"},"image":{"@id":"https:\/\/webedit.genemek.com\/#\/schema\/logo\/image\/"}}]}},"_links":{"self":[{"href":"https:\/\/webedit.genemek.com\/tr\/wp-json\/wp\/v2\/product\/252","targetHints":{"allow":["GET"]}}],"collection":[{"href":"https:\/\/webedit.genemek.com\/tr\/wp-json\/wp\/v2\/product"}],"about":[{"href":"https:\/\/webedit.genemek.com\/tr\/wp-json\/wp\/v2\/types\/product"}],"version-history":[{"count":0,"href":"https:\/\/webedit.genemek.com\/tr\/wp-json\/wp\/v2\/product\/252\/revisions"}],"wp:featuredmedia":[{"embeddable":true,"href":"https:\/\/webedit.genemek.com\/tr\/wp-json\/wp\/v2\/media\/366"}],"wp:attachment":[{"href":"https:\/\/webedit.genemek.com\/tr\/wp-json\/wp\/v2\/media?parent=252"}],"wp:term":[{"taxonomy":"product_brand","embeddable":true,"href":"https:\/\/webedit.genemek.com\/tr\/wp-json\/wp\/v2\/product_brand?post=252"},{"taxonomy":"product_cat","embeddable":true,"href":"https:\/\/webedit.genemek.com\/tr\/wp-json\/wp\/v2\/product_cat?post=252"},{"taxonomy":"product_tag","embeddable":true,"href":"https:\/\/webedit.genemek.com\/tr\/wp-json\/wp\/v2\/product_tag?post=252"}],"curies":[{"name":"wp","href":"https:\/\/api.w.org\/{rel}","templated":true}]}}